{"id":10,"date":"2023-11-02T06:57:43","date_gmt":"2023-11-02T06:57:43","guid":{"rendered":"https:\/\/web2023.iseltec.com\/?page_id=10"},"modified":"2025-03-04T23:14:05","modified_gmt":"2025-03-04T23:14:05","slug":"index","status":"publish","type":"page","link":"https:\/\/iseltec.com\/","title":{"rendered":"Indice"},"content":{"rendered":"\n<p><\/p>\n\n\n\n<div class=\"wp-block-cover alignfull is-light wp-duotone-000000-0693e3-1\" style=\"border-radius:0px;margin-top:0;padding-top:48px;padding-right:48px;padding-bottom:48px;padding-left:48px;min-height:489px;aspect-ratio:unset;\"><span aria-hidden=\"true\" class=\"wp-block-cover__background has-background-dim-30 has-background-dim\"><\/span><img loading=\"lazy\" decoding=\"async\" width=\"2000\" height=\"1128\" class=\"wp-block-cover__image-background wp-image-18\" alt=\"\" src=\"https:\/\/iseltec.com\/wp-content\/uploads\/2023\/11\/1687154309330.jpg\" data-object-fit=\"cover\" srcset=\"https:\/\/iseltec.com\/wp-content\/uploads\/2023\/11\/1687154309330.jpg 2000w, https:\/\/iseltec.com\/wp-content\/uploads\/2023\/11\/1687154309330-600x338.jpg 600w, https:\/\/iseltec.com\/wp-content\/uploads\/2023\/11\/1687154309330-300x169.jpg 300w, https:\/\/iseltec.com\/wp-content\/uploads\/2023\/11\/1687154309330-1024x578.jpg 1024w, https:\/\/iseltec.com\/wp-content\/uploads\/2023\/11\/1687154309330-768x433.jpg 768w, https:\/\/iseltec.com\/wp-content\/uploads\/2023\/11\/1687154309330-1536x866.jpg 1536w\" sizes=\"auto, (max-width: 2000px) 100vw, 2000px\" \/><div class=\"wp-block-cover__inner-container is-layout-flow wp-container-core-cover-is-layout-0ee1a12e wp-block-cover-is-layout-flow\">\n<div class=\"wp-block-group alignwide has-global-padding is-layout-constrained wp-container-core-group-is-layout-105570a8 wp-block-group-is-layout-constrained\">\n<div style=\"height:16px\" aria-hidden=\"true\" class=\"wp-block-spacer\"><\/div>\n\n\n\n<h2 class=\"wp-block-heading alignwide has-text-align-center has-white-color has-text-color\" style=\"font-size:clamp(35.2px, 2.2rem + ((1vw - 3.2px) * 3), 64px);font-style:normal;font-weight:700;letter-spacing:0px;line-height:1;text-transform:uppercase\">Videojuegos accesibles<\/h2>\n\n\n\n<p class=\"has-text-align-center has-white-color has-text-color\">Creamos videojuegos para personas con necesidades especiales.<\/p>\n\n\n\n<div style=\"height:50px\" aria-hidden=\"true\" class=\"wp-block-spacer\"><\/div>\n\n\n\n<ul class=\"wp-block-social-links has-huge-icon-size has-icon-color is-style-logos-only is-content-justification-center is-layout-flex wp-container-core-social-links-is-layout-a89b3969 wp-block-social-links-is-layout-flex\"><li style=\"color:#F6F6F6;\" class=\"wp-social-link wp-social-link-instagram has-tertiary-color wp-block-social-link\"><a href=\"https:\/\/www.instagram.com\/iseltec_games\/\" class=\"wp-block-social-link-anchor\"><svg width=\"24\" height=\"24\" viewBox=\"0 0 24 24\" version=\"1.1\" xmlns=\"http:\/\/www.w3.org\/2000\/svg\" aria-hidden=\"true\" focusable=\"false\"><path d=\"M12,4.622c2.403,0,2.688,0.009,3.637,0.052c0.877,0.04,1.354,0.187,1.671,0.31c0.42,0.163,0.72,0.358,1.035,0.673 c0.315,0.315,0.51,0.615,0.673,1.035c0.123,0.317,0.27,0.794,0.31,1.671c0.043,0.949,0.052,1.234,0.052,3.637 s-0.009,2.688-0.052,3.637c-0.04,0.877-0.187,1.354-0.31,1.671c-0.163,0.42-0.358,0.72-0.673,1.035 c-0.315,0.315-0.615,0.51-1.035,0.673c-0.317,0.123-0.794,0.27-1.671,0.31c-0.949,0.043-1.233,0.052-3.637,0.052 s-2.688-0.009-3.637-0.052c-0.877-0.04-1.354-0.187-1.671-0.31c-0.42-0.163-0.72-0.358-1.035-0.673 c-0.315-0.315-0.51-0.615-0.673-1.035c-0.123-0.317-0.27-0.794-0.31-1.671C4.631,14.688,4.622,14.403,4.622,12 s0.009-2.688,0.052-3.637c0.04-0.877,0.187-1.354,0.31-1.671c0.163-0.42,0.358-0.72,0.673-1.035 c0.315-0.315,0.615-0.51,1.035-0.673c0.317-0.123,0.794-0.27,1.671-0.31C9.312,4.631,9.597,4.622,12,4.622 M12,3 C9.556,3,9.249,3.01,8.289,3.054C7.331,3.098,6.677,3.25,6.105,3.472C5.513,3.702,5.011,4.01,4.511,4.511 c-0.5,0.5-0.808,1.002-1.038,1.594C3.25,6.677,3.098,7.331,3.054,8.289C3.01,9.249,3,9.556,3,12c0,2.444,0.01,2.751,0.054,3.711 c0.044,0.958,0.196,1.612,0.418,2.185c0.23,0.592,0.538,1.094,1.038,1.594c0.5,0.5,1.002,0.808,1.594,1.038 c0.572,0.222,1.227,0.375,2.185,0.418C9.249,20.99,9.556,21,12,21s2.751-0.01,3.711-0.054c0.958-0.044,1.612-0.196,2.185-0.418 c0.592-0.23,1.094-0.538,1.594-1.038c0.5-0.5,0.808-1.002,1.038-1.594c0.222-0.572,0.375-1.227,0.418-2.185 C20.99,14.751,21,14.444,21,12s-0.01-2.751-0.054-3.711c-0.044-0.958-0.196-1.612-0.418-2.185c-0.23-0.592-0.538-1.094-1.038-1.594 c-0.5-0.5-1.002-0.808-1.594-1.038c-0.572-0.222-1.227-0.375-2.185-0.418C14.751,3.01,14.444,3,12,3L12,3z M12,7.378 c-2.552,0-4.622,2.069-4.622,4.622S9.448,16.622,12,16.622s4.622-2.069,4.622-4.622S14.552,7.378,12,7.378z M12,15 c-1.657,0-3-1.343-3-3s1.343-3,3-3s3,1.343,3,3S13.657,15,12,15z M16.804,6.116c-0.596,0-1.08,0.484-1.08,1.08 s0.484,1.08,1.08,1.08c0.596,0,1.08-0.484,1.08-1.08S17.401,6.116,16.804,6.116z\"><\/path><\/svg><span class=\"wp-block-social-link-label screen-reader-text\">Instagram<\/span><\/a><\/li>\n\n<li style=\"color:#F6F6F6;\" class=\"wp-social-link wp-social-link-linkedin has-tertiary-color wp-block-social-link\"><a href=\"https:\/\/www.linkedin.com\/company\/iseltec-s-l\/\" class=\"wp-block-social-link-anchor\"><svg width=\"24\" height=\"24\" viewBox=\"0 0 24 24\" version=\"1.1\" xmlns=\"http:\/\/www.w3.org\/2000\/svg\" aria-hidden=\"true\" focusable=\"false\"><path d=\"M19.7,3H4.3C3.582,3,3,3.582,3,4.3v15.4C3,20.418,3.582,21,4.3,21h15.4c0.718,0,1.3-0.582,1.3-1.3V4.3 C21,3.582,20.418,3,19.7,3z M8.339,18.338H5.667v-8.59h2.672V18.338z M7.004,8.574c-0.857,0-1.549-0.694-1.549-1.548 c0-0.855,0.691-1.548,1.549-1.548c0.854,0,1.547,0.694,1.547,1.548C8.551,7.881,7.858,8.574,7.004,8.574z M18.339,18.338h-2.669 v-4.177c0-0.996-0.017-2.278-1.387-2.278c-1.389,0-1.601,1.086-1.601,2.206v4.249h-2.667v-8.59h2.559v1.174h0.037 c0.356-0.675,1.227-1.387,2.526-1.387c2.703,0,3.203,1.779,3.203,4.092V18.338z\"><\/path><\/svg><span class=\"wp-block-social-link-label screen-reader-text\">LinkedIn<\/span><\/a><\/li>\n\n<li style=\"color:#F6F6F6;\" class=\"wp-social-link wp-social-link-x has-tertiary-color wp-block-social-link\"><a href=\"https:\/\/twitter.com\/IseltecGames\" class=\"wp-block-social-link-anchor\"><svg width=\"24\" height=\"24\" viewBox=\"0 0 24 24\" version=\"1.1\" xmlns=\"http:\/\/www.w3.org\/2000\/svg\" aria-hidden=\"true\" focusable=\"false\"><path d=\"M13.982 10.622 20.54 3h-1.554l-5.693 6.618L8.745 3H3.5l6.876 10.007L3.5 21h1.554l6.012-6.989L15.868 21h5.245l-7.131-10.378Zm-2.128 2.474-.697-.997-5.543-7.93H8l4.474 6.4.697.996 5.815 8.318h-2.387l-4.745-6.787Z\" \/><\/svg><span class=\"wp-block-social-link-label screen-reader-text\">X<\/span><\/a><\/li><\/ul>\n<\/div>\n<\/div><\/div>\n\n\n\n<div style=\"height:16px\" aria-hidden=\"true\" class=\"wp-block-spacer\"><\/div>\n\n\n\n<p>Somos un peque\u00f1o equipo multidisciplinar gallego, apasionados por crear <strong>experiencias personales y grupales gratificantes<\/strong> que generen<strong> diversi\u00f3n<\/strong> y <strong>mejoras en el desarrollo cognitivo<\/strong>. <\/p>\n\n\n\n<p>Fomentamos la idea de <strong>conectar personas y generaciones en torno al videojuego<\/strong>, rompiendo con el tab\u00fa de la exclusi\u00f3n digital hacia las personas mayores o con necesidades especiales. <\/p>\n\n\n\n<div style=\"height:30px\" aria-hidden=\"true\" class=\"wp-block-spacer\"><\/div>\n\n\n\n<h2 class=\"wp-block-heading has-text-align-center\" style=\"font-style:normal;font-weight:700\">Nuestros juegos<\/h2>\n\n\n\n<div class=\"wp-block-columns alignwide is-layout-flex wp-container-core-columns-is-layout-d2da2050 wp-block-columns-is-layout-flex\" style=\"margin-bottom:0\">\n<div class=\"wp-block-column is-layout-flow wp-block-column-is-layout-flow\">\n<div class=\"wp-block-cover is-repeated\" style=\"border-radius:13px\"><span aria-hidden=\"true\" class=\"wp-block-cover__background has-background-dim\"><\/span><div class=\"wp-block-cover__image-background wp-image-413 is-repeated\" style=\"background-position:50% 2%;background-image:url(https:\/\/iseltec.com\/wp-content\/uploads\/2025\/02\/chimpun_banner-1024x576.png)\"><\/div><div class=\"wp-block-cover__inner-container has-global-padding is-layout-constrained wp-container-core-cover-is-layout-731c369d wp-block-cover-is-layout-constrained\">\n<figure class=\"wp-block-image size-full\"><img loading=\"lazy\" decoding=\"async\" width=\"499\" height=\"335\" src=\"https:\/\/iseltec.com\/wp-content\/uploads\/2025\/02\/chimpun_logo_simple.png\" alt=\"\" class=\"wp-image-414\" srcset=\"https:\/\/iseltec.com\/wp-content\/uploads\/2025\/02\/chimpun_logo_simple.png 499w, https:\/\/iseltec.com\/wp-content\/uploads\/2025\/02\/chimpun_logo_simple-300x201.png 300w\" sizes=\"auto, (max-width: 499px) 100vw, 499px\" \/><\/figure>\n\n\n\n<div class=\"wp-block-buttons is-content-justification-center is-layout-flex wp-container-core-buttons-is-layout-a89b3969 wp-block-buttons-is-layout-flex\">\n<div class=\"wp-block-button\"><a class=\"wp-block-button__link wp-element-button\" href=\"https:\/\/iseltec.com\/?page_id=409\">Ver m\u00e1s<\/a><\/div>\n<\/div>\n<\/div><\/div>\n<\/div>\n\n\n\n<div class=\"wp-block-column is-layout-flow wp-block-column-is-layout-flow\">\n<div class=\"wp-block-cover is-light\" style=\"border-radius:13px\"><span aria-hidden=\"true\" class=\"wp-block-cover__background has-background-dim\"><\/span><img loading=\"lazy\" decoding=\"async\" width=\"1900\" height=\"1069\" class=\"wp-block-cover__image-background wp-image-33\" alt=\"\" src=\"https:\/\/iseltec.com\/wp-content\/uploads\/2023\/11\/avoo-screenshot-2023-10-31T10-40-36.png\" style=\"object-position:50% 50%\" data-object-fit=\"cover\" data-object-position=\"50% 50%\" srcset=\"https:\/\/iseltec.com\/wp-content\/uploads\/2023\/11\/avoo-screenshot-2023-10-31T10-40-36.png 1900w, https:\/\/iseltec.com\/wp-content\/uploads\/2023\/11\/avoo-screenshot-2023-10-31T10-40-36-600x338.png 600w, https:\/\/iseltec.com\/wp-content\/uploads\/2023\/11\/avoo-screenshot-2023-10-31T10-40-36-300x169.png 300w, https:\/\/iseltec.com\/wp-content\/uploads\/2023\/11\/avoo-screenshot-2023-10-31T10-40-36-1024x576.png 1024w, https:\/\/iseltec.com\/wp-content\/uploads\/2023\/11\/avoo-screenshot-2023-10-31T10-40-36-768x432.png 768w, https:\/\/iseltec.com\/wp-content\/uploads\/2023\/11\/avoo-screenshot-2023-10-31T10-40-36-1536x864.png 1536w\" sizes=\"auto, (max-width: 1900px) 100vw, 1900px\" \/><div class=\"wp-block-cover__inner-container has-global-padding is-layout-constrained wp-container-core-cover-is-layout-731c369d wp-block-cover-is-layout-constrained\">\n<figure class=\"wp-block-image size-full\"><img loading=\"lazy\" decoding=\"async\" width=\"557\" height=\"148\" src=\"https:\/\/iseltec.com\/wp-content\/uploads\/2023\/11\/avoo_logo.png\" alt=\"\" class=\"wp-image-34\" style=\"aspect-ratio:3.7635135135135136\" srcset=\"https:\/\/iseltec.com\/wp-content\/uploads\/2023\/11\/avoo_logo.png 557w, https:\/\/iseltec.com\/wp-content\/uploads\/2023\/11\/avoo_logo-300x80.png 300w\" sizes=\"auto, (max-width: 557px) 100vw, 557px\" \/><\/figure>\n\n\n\n<div class=\"wp-block-buttons is-content-justification-center is-layout-flex wp-container-core-buttons-is-layout-a89b3969 wp-block-buttons-is-layout-flex\">\n<div class=\"wp-block-button is-style-fill\"><a class=\"wp-block-button__link wp-element-button\" href=\"https:\/\/iseltec.com\/?page_id=81\">Ver m\u00e1s<\/a><\/div>\n<\/div>\n<\/div><\/div>\n<\/div>\n\n\n\n<div class=\"wp-block-column is-layout-flow wp-block-column-is-layout-flow\">\n<div class=\"wp-block-cover is-light\" style=\"border-radius:13px\"><span aria-hidden=\"true\" class=\"wp-block-cover__background has-background-dim\"><\/span><img loading=\"lazy\" decoding=\"async\" width=\"1128\" height=\"2000\" class=\"wp-block-cover__image-background wp-image-43\" alt=\"\" src=\"https:\/\/iseltec.com\/wp-content\/uploads\/2023\/11\/1687154309416.jpg\" style=\"object-position:50% 40%\" data-object-fit=\"cover\" data-object-position=\"50% 40%\" srcset=\"https:\/\/iseltec.com\/wp-content\/uploads\/2023\/11\/1687154309416.jpg 1128w, https:\/\/iseltec.com\/wp-content\/uploads\/2023\/11\/1687154309416-600x1064.jpg 600w, https:\/\/iseltec.com\/wp-content\/uploads\/2023\/11\/1687154309416-169x300.jpg 169w, https:\/\/iseltec.com\/wp-content\/uploads\/2023\/11\/1687154309416-578x1024.jpg 578w, https:\/\/iseltec.com\/wp-content\/uploads\/2023\/11\/1687154309416-768x1362.jpg 768w, https:\/\/iseltec.com\/wp-content\/uploads\/2023\/11\/1687154309416-866x1536.jpg 866w\" sizes=\"auto, (max-width: 1128px) 100vw, 1128px\" \/><div class=\"wp-block-cover__inner-container has-global-padding is-layout-constrained wp-container-core-cover-is-layout-731c369d wp-block-cover-is-layout-constrained\">\n<figure class=\"wp-block-image size-large wp-duotone-unset-2\"><img loading=\"lazy\" decoding=\"async\" width=\"1024\" height=\"224\" src=\"https:\/\/iseltec.com\/wp-content\/uploads\/2023\/11\/logo_apasinho-1024x224.png\" alt=\"Logotipo de Apasi\u00f1o\" class=\"wp-image-38\" srcset=\"https:\/\/iseltec.com\/wp-content\/uploads\/2023\/11\/logo_apasinho-1024x224.png 1024w, https:\/\/iseltec.com\/wp-content\/uploads\/2023\/11\/logo_apasinho-600x131.png 600w, https:\/\/iseltec.com\/wp-content\/uploads\/2023\/11\/logo_apasinho-300x66.png 300w, https:\/\/iseltec.com\/wp-content\/uploads\/2023\/11\/logo_apasinho-768x168.png 768w, https:\/\/iseltec.com\/wp-content\/uploads\/2023\/11\/logo_apasinho-1536x336.png 1536w, https:\/\/iseltec.com\/wp-content\/uploads\/2023\/11\/logo_apasinho.png 2000w\" sizes=\"auto, (max-width: 1024px) 100vw, 1024px\" \/><\/figure>\n\n\n\n<div class=\"wp-block-buttons is-content-justification-center is-layout-flex wp-container-core-buttons-is-layout-a89b3969 wp-block-buttons-is-layout-flex\">\n<div class=\"wp-block-button\"><a class=\"wp-block-button__link wp-element-button\" href=\"https:\/\/iseltec.com\/?page_id=84\">Ver m\u00e1s<\/a><\/div>\n<\/div>\n<\/div><\/div>\n<\/div>\n<\/div>\n\n\n\n<div style=\"height:84px\" aria-hidden=\"true\" class=\"wp-block-spacer\"><\/div>\n\n\n\n<div class=\"wp-block-group alignwide has-global-padding is-layout-constrained wp-container-core-group-is-layout-12243e0f wp-block-group-is-layout-constrained\">\n<div class=\"wp-block-columns is-layout-flex wp-container-core-columns-is-layout-a5331a9e wp-block-columns-is-layout-flex\" style=\"padding-top:0;padding-right:0;padding-bottom:0;padding-left:0\">\n<div class=\"wp-block-column is-vertically-aligned-center is-layout-flow wp-block-column-is-layout-flow\">\n<figure class=\"wp-block-image aligncenter size-full is-style-default\"><img loading=\"lazy\" decoding=\"async\" width=\"146\" height=\"45\" src=\"https:\/\/iseltec.com\/wp-content\/uploads\/2024\/01\/xunta.png\" alt=\"\" class=\"wp-image-249\"\/><\/figure>\n<\/div>\n\n\n\n<div class=\"wp-block-column is-vertically-aligned-center is-layout-flow wp-block-column-is-layout-flow\">\n<figure class=\"wp-block-image size-full\"><img loading=\"lazy\" decoding=\"async\" width=\"219\" height=\"49\" src=\"https:\/\/iseltec.com\/wp-content\/uploads\/2024\/01\/ministerio-hacienda.png\" alt=\"\" class=\"wp-image-250\"\/><\/figure>\n<\/div>\n\n\n\n<div class=\"wp-block-column is-vertically-aligned-center is-layout-flow wp-block-column-is-layout-flow\">\n<figure class=\"wp-block-image size-full\"><img loading=\"lazy\" decoding=\"async\" width=\"220\" height=\"61\" src=\"https:\/\/iseltec.com\/wp-content\/uploads\/2024\/01\/europa-agricola.png\" alt=\"\" class=\"wp-image-245\"\/><\/figure>\n<\/div>\n\n\n\n<div class=\"wp-block-column is-vertically-aligned-center is-layout-flow wp-block-column-is-layout-flow\">\n<figure class=\"wp-block-image aligncenter size-full\"><img loading=\"lazy\" decoding=\"async\" width=\"169\" height=\"52\" src=\"https:\/\/iseltec.com\/wp-content\/uploads\/2024\/01\/igape.png\" alt=\"\" class=\"wp-image-246\"\/><\/figure>\n<\/div>\n\n\n\n<div class=\"wp-block-column is-vertically-aligned-center is-layout-flow wp-block-column-is-layout-flow\">\n<figure class=\"wp-block-image size-full\"><img loading=\"lazy\" decoding=\"async\" width=\"148\" height=\"47\" src=\"https:\/\/iseltec.com\/wp-content\/uploads\/2024\/01\/galicia.png\" alt=\"\" class=\"wp-image-248\"\/><\/figure>\n<\/div>\n<\/div>\n\n\n\n<p class=\"has-contrast-3-color has-text-color has-link-color has-small-font-size wp-elements-b24076df0932fe6eeba1a512ec1d3c86\" style=\"padding-right:0;padding-left:0\"><strong>Axudas do Igape Galicia Rural Emprende<\/strong><br><strong>Operaci\u00f3n cofinanciada pola Uni\u00f3n Europea<\/strong><br><strong>Programa de Desenvolvemento Rural de Galicia 2014-2020<\/strong><br><br>Esta empresa foi beneficiaria dunha axuda do programa do Igape de creaci\u00f3n de empresas para actividades non agr\u00edcolas en zonas rurais<br><br>O obxectivo principal destas axudas \u00e9 contribu\u00edr \u00e1 diversificaci\u00f3n econ\u00f3mica, crecemento do emprego, sustentabilidade do medio rural e equilibrio territorial, tanto en termos econ\u00f3micos como sociais. O resultado que se pretende \u00e9 a creaci\u00f3n e o desenvolvemento de pequenas empresas para actividades non agr\u00edcolas en zonas rurais e a creaci\u00f3n de emprego.<br><br>O obxectivo do proxecto \u00e9 a creaci\u00f3n dunha nova li\u00f1a de actividade na empresa, dedicada \u00e1 edici\u00f3n, desenvolvemento e comercializaci\u00f3n de videoxogos, O inicio desta nova actividade estar\u00e1 ligado \u00e1 creaci\u00f3n e comercializaci\u00f3n dun videoxogo baseado no uso da t\u00e9cnicas de realidade virtual e aumentada e encadrado na categor\u00eda dos denominados Serious Games, que supo\u00f1er\u00e1 un innovador produto para o entretemento e estimulaci\u00f3n de persoas con discapacidade intelectual.<\/p>\n\n\n\n<div class=\"wp-block-columns is-layout-flex wp-container-core-columns-is-layout-28f84493 wp-block-columns-is-layout-flex\">\n<div class=\"wp-block-column is-layout-flow wp-block-column-is-layout-flow\" style=\"flex-basis:10%\"><\/div>\n\n\n\n<div class=\"wp-block-column is-layout-flow wp-block-column-is-layout-flow\" style=\"flex-basis:30%\">\n<figure class=\"wp-block-image size-full\"><img loading=\"lazy\" decoding=\"async\" width=\"768\" height=\"479\" src=\"https:\/\/iseltec.com\/wp-content\/uploads\/2024\/01\/PEL-EMPRENDE-WEB-2-768x479-1.jpg\" alt=\"\" class=\"wp-image-266\" srcset=\"https:\/\/iseltec.com\/wp-content\/uploads\/2024\/01\/PEL-EMPRENDE-WEB-2-768x479-1.jpg 768w, https:\/\/iseltec.com\/wp-content\/uploads\/2024\/01\/PEL-EMPRENDE-WEB-2-768x479-1-300x187.jpg 300w, https:\/\/iseltec.com\/wp-content\/uploads\/2024\/01\/PEL-EMPRENDE-WEB-2-768x479-1-600x374.jpg 600w\" sizes=\"auto, (max-width: 768px) 100vw, 768px\" \/><\/figure>\n<\/div>\n\n\n\n<div class=\"wp-block-column is-layout-flow wp-block-column-is-layout-flow\" style=\"flex-basis:40%\">\n<figure class=\"wp-block-image aligncenter size-full\"><img loading=\"lazy\" decoding=\"async\" width=\"842\" height=\"422\" src=\"https:\/\/iseltec.com\/wp-content\/uploads\/2024\/01\/camara.png\" alt=\"\" class=\"wp-image-247\" style=\"object-fit:cover\" srcset=\"https:\/\/iseltec.com\/wp-content\/uploads\/2024\/01\/camara.png 842w, https:\/\/iseltec.com\/wp-content\/uploads\/2024\/01\/camara-300x150.png 300w, https:\/\/iseltec.com\/wp-content\/uploads\/2024\/01\/camara-768x385.png 768w, https:\/\/iseltec.com\/wp-content\/uploads\/2024\/01\/camara-600x301.png 600w\" sizes=\"auto, (max-width: 842px) 100vw, 842px\" \/><\/figure>\n<\/div>\n\n\n\n<div class=\"wp-block-column is-layout-flow wp-block-column-is-layout-flow\" style=\"flex-basis:10%\"><\/div>\n<\/div>\n<\/div>\n","protected":false},"excerpt":{"rendered":"<p>Somos un peque\u00f1o equipo multidisciplinar gallego, apasionados por crear experiencias personales y grupales gratificantes que generen diversi\u00f3n y mejoras en el desarrollo cognitivo. Fomentamos la idea de conectar personas y generaciones en torno al videojuego, rompiendo con el tab\u00fa de la exclusi\u00f3n digital hacia las personas mayores o con necesidades especiales. Nuestros juegos Axudas do [&hellip;]<\/p>\n","protected":false},"author":1,"featured_media":0,"parent":0,"menu_order":0,"comment_status":"closed","ping_status":"closed","template":"","meta":{"footnotes":""},"class_list":["post-10","page","type-page","status-publish","hentry"],"_links":{"self":[{"href":"https:\/\/iseltec.com\/index.php?rest_route=\/wp\/v2\/pages\/10","targetHints":{"allow":["GET"]}}],"collection":[{"href":"https:\/\/iseltec.com\/index.php?rest_route=\/wp\/v2\/pages"}],"about":[{"href":"https:\/\/iseltec.com\/index.php?rest_route=\/wp\/v2\/types\/page"}],"author":[{"embeddable":true,"href":"https:\/\/iseltec.com\/index.php?rest_route=\/wp\/v2\/users\/1"}],"replies":[{"embeddable":true,"href":"https:\/\/iseltec.com\/index.php?rest_route=%2Fwp%2Fv2%2Fcomments&post=10"}],"version-history":[{"count":51,"href":"https:\/\/iseltec.com\/index.php?rest_route=\/wp\/v2\/pages\/10\/revisions"}],"predecessor-version":[{"id":441,"href":"https:\/\/iseltec.com\/index.php?rest_route=\/wp\/v2\/pages\/10\/revisions\/441"}],"wp:attachment":[{"href":"https:\/\/iseltec.com\/index.php?rest_route=%2Fwp%2Fv2%2Fmedia&parent=10"}],"curies":[{"name":"wp","href":"https:\/\/api.w.org\/{rel}","templated":true}]}}